{"id":16,"date":"2015-08-15T15:10:16","date_gmt":"2015-08-15T14:10:16","guid":{"rendered":"http:\/\/localhost\/pronostics-turf\/?page_id=16"},"modified":"2023-05-03T14:26:59","modified_gmt":"2023-05-03T14:26:59","slug":"pronostics","status":"publish","type":"page","link":"https:\/\/1-10-courses.fr\/index.php\/pronostics\/","title":{"rendered":"Pronostics Gratuits"},"content":{"rendered":"\n<div class=\"um-locked-content\">\n\n\t<div class=\"um-locked-content-msg\">Ce contenu a \u00e9t\u00e9 restreint aux comptes connect\u00e9s uniquement. Veuillez <a href=\"https:\/\/1-10-courses.fr\/index.php\/connexion\/?redirect_to=https%3A%2F%2F1-10-courses.fr%2Findex.php%2Fwp-json%2Fwp%2Fv2%2Fpages%2F16\">vous connecter<\/a> pour voir ce contenu.<\/div>\n\n<\/div>\n\n","protected":false},"excerpt":{"rendered":"","protected":false},"author":1,"featured_media":0,"parent":0,"menu_order":0,"comment_status":"open","ping_status":"open","template":"","meta":[],"acf":[],"yoast_head":"<!-- This site is optimized with the Yoast SEO plugin v19.6.1 - https:\/\/yoast.com\/wordpress\/plugins\/seo\/ -->\n<title>Pronostic Gratuit PMU, Jeu Simple, Multi, 2sur4<\/title>\n<meta name=\"description\" content=\"Pronostic gratuit pour gagner au PMU. Toutes les courses et r\u00e9unions du jour. Elu meilleur pronostic PMU gagnant des courses hippiques.\" \/>\n<meta name=\"robots\" content=\"index, follow, max-snippet:-1, max-image-preview:large, max-video-preview:-1\" \/>\n<link rel=\"canonical\" href=\"https:\/\/1-10-courses.fr\/index.php\/pronostics\/\" \/>\n<meta property=\"og:locale\" content=\"fr_FR\" \/>\n<meta property=\"og:type\" content=\"article\" \/>\n<meta property=\"og:title\" content=\"Pronostic Gratuit PMU, Jeu Simple, Multi, 2sur4\" \/>\n<meta property=\"og:description\" content=\"Pronostic gratuit pour gagner au PMU. Toutes les courses et r\u00e9unions du jour. Elu meilleur pronostic PMU gagnant des courses hippiques.\" \/>\n<meta property=\"og:url\" content=\"https:\/\/1-10-courses.fr\/index.php\/pronostics\/\" \/>\n<meta property=\"og:site_name\" content=\"1-10 Courses\" \/>\n<meta property=\"article:modified_time\" content=\"2023-05-03T14:26:59+00:00\" \/>\n<meta name=\"twitter:card\" content=\"summary_large_image\" \/>\n<meta name=\"twitter:label1\" content=\"Dur\u00e9e de lecture estim\u00e9e\" \/>\n\t<meta name=\"twitter:data1\" content=\"2 minutes\" \/>\n<script type=\"application\/ld+json\" class=\"yoast-schema-graph\">{\"@context\":\"https:\/\/schema.org\",\"@graph\":[{\"@type\":\"WebPage\",\"@id\":\"https:\/\/1-10-courses.fr\/index.php\/pronostics\/\",\"url\":\"https:\/\/1-10-courses.fr\/index.php\/pronostics\/\",\"name\":\"Pronostic Gratuit PMU, Jeu Simple, Multi, 2sur4\",\"isPartOf\":{\"@id\":\"https:\/\/1-10-courses.fr\/#website\"},\"datePublished\":\"2015-08-15T14:10:16+00:00\",\"dateModified\":\"2023-05-03T14:26:59+00:00\",\"description\":\"Pronostic gratuit pour gagner au PMU. Toutes les courses et r\u00e9unions du jour. Elu meilleur pronostic PMU gagnant des courses hippiques.\",\"breadcrumb\":{\"@id\":\"https:\/\/1-10-courses.fr\/index.php\/pronostics\/#breadcrumb\"},\"inLanguage\":\"fr-FR\",\"potentialAction\":[{\"@type\":\"ReadAction\",\"target\":[\"https:\/\/1-10-courses.fr\/index.php\/pronostics\/\"]}]},{\"@type\":\"BreadcrumbList\",\"@id\":\"https:\/\/1-10-courses.fr\/index.php\/pronostics\/#breadcrumb\",\"itemListElement\":[{\"@type\":\"ListItem\",\"position\":1,\"name\":\"Accueil\",\"item\":\"https:\/\/1-10-courses.fr\/\"},{\"@type\":\"ListItem\",\"position\":2,\"name\":\"Pronostics Gratuits\"}]},{\"@type\":\"WebSite\",\"@id\":\"https:\/\/1-10-courses.fr\/#website\",\"url\":\"https:\/\/1-10-courses.fr\/\",\"name\":\"1-10 Courses\",\"description\":\"\",\"potentialAction\":[{\"@type\":\"SearchAction\",\"target\":{\"@type\":\"EntryPoint\",\"urlTemplate\":\"https:\/\/1-10-courses.fr\/?s={search_term_string}\"},\"query-input\":\"required name=search_term_string\"}],\"inLanguage\":\"fr-FR\"}]}<\/script>\n<!-- \/ Yoast SEO plugin. -->","yoast_head_json":{"title":"Pronostic Gratuit PMU, Jeu Simple, Multi, 2sur4","description":"Pronostic gratuit pour gagner au PMU. Toutes les courses et r\u00e9unions du jour. Elu meilleur pronostic PMU gagnant des courses hippiques.","robots":{"index":"index","follow":"follow","max-snippet":"max-snippet:-1","max-image-preview":"max-image-preview:large","max-video-preview":"max-video-preview:-1"},"canonical":"https:\/\/1-10-courses.fr\/index.php\/pronostics\/","og_locale":"fr_FR","og_type":"article","og_title":"Pronostic Gratuit PMU, Jeu Simple, Multi, 2sur4","og_description":"Pronostic gratuit pour gagner au PMU. Toutes les courses et r\u00e9unions du jour. Elu meilleur pronostic PMU gagnant des courses hippiques.","og_url":"https:\/\/1-10-courses.fr\/index.php\/pronostics\/","og_site_name":"1-10 Courses","article_modified_time":"2023-05-03T14:26:59+00:00","twitter_card":"summary_large_image","twitter_misc":{"Dur\u00e9e de lecture estim\u00e9e":"2 minutes"},"schema":{"@context":"https:\/\/schema.org","@graph":[{"@type":"WebPage","@id":"https:\/\/1-10-courses.fr\/index.php\/pronostics\/","url":"https:\/\/1-10-courses.fr\/index.php\/pronostics\/","name":"Pronostic Gratuit PMU, Jeu Simple, Multi, 2sur4","isPartOf":{"@id":"https:\/\/1-10-courses.fr\/#website"},"datePublished":"2015-08-15T14:10:16+00:00","dateModified":"2023-05-03T14:26:59+00:00","description":"Pronostic gratuit pour gagner au PMU. Toutes les courses et r\u00e9unions du jour. Elu meilleur pronostic PMU gagnant des courses hippiques.","breadcrumb":{"@id":"https:\/\/1-10-courses.fr\/index.php\/pronostics\/#breadcrumb"},"inLanguage":"fr-FR","potentialAction":[{"@type":"ReadAction","target":["https:\/\/1-10-courses.fr\/index.php\/pronostics\/"]}]},{"@type":"BreadcrumbList","@id":"https:\/\/1-10-courses.fr\/index.php\/pronostics\/#breadcrumb","itemListElement":[{"@type":"ListItem","position":1,"name":"Accueil","item":"https:\/\/1-10-courses.fr\/"},{"@type":"ListItem","position":2,"name":"Pronostics Gratuits"}]},{"@type":"WebSite","@id":"https:\/\/1-10-courses.fr\/#website","url":"https:\/\/1-10-courses.fr\/","name":"1-10 Courses","description":"","potentialAction":[{"@type":"SearchAction","target":{"@type":"EntryPoint","urlTemplate":"https:\/\/1-10-courses.fr\/?s={search_term_string}"},"query-input":"required name=search_term_string"}],"inLanguage":"fr-FR"}]}},"post_mailing_queue_ids":[],"_links":{"self":[{"href":"https:\/\/1-10-courses.fr\/index.php\/wp-json\/wp\/v2\/pages\/16"}],"collection":[{"href":"https:\/\/1-10-courses.fr\/index.php\/wp-json\/wp\/v2\/pages"}],"about":[{"href":"https:\/\/1-10-courses.fr\/index.php\/wp-json\/wp\/v2\/types\/page"}],"author":[{"embeddable":true,"href":"https:\/\/1-10-courses.fr\/index.php\/wp-json\/wp\/v2\/users\/1"}],"replies":[{"embeddable":true,"href":"https:\/\/1-10-courses.fr\/index.php\/wp-json\/wp\/v2\/comments?post=16"}],"version-history":[{"count":26,"href":"https:\/\/1-10-courses.fr\/index.php\/wp-json\/wp\/v2\/pages\/16\/revisions"}],"predecessor-version":[{"id":44436,"href":"https:\/\/1-10-courses.fr\/index.php\/wp-json\/wp\/v2\/pages\/16\/revisions\/44436"}],"wp:attachment":[{"href":"https:\/\/1-10-courses.fr\/index.php\/wp-json\/wp\/v2\/media?parent=16"}],"curies":[{"name":"wp","href":"https:\/\/api.w.org\/{rel}","templated":true}]}}