{"id":18,"date":"2015-08-15T15:10:29","date_gmt":"2015-08-15T14:10:29","guid":{"rendered":"http:\/\/localhost\/pronostics-turf\/?page_id=18"},"modified":"2023-04-16T15:08:15","modified_gmt":"2023-04-16T15:08:15","slug":"arrivees-et-rapports","status":"publish","type":"page","link":"https:\/\/1-10-courses.fr\/index.php\/arrivees-et-rapports\/","title":{"rendered":"Arriv\u00e9es et rapports"},"content":{"rendered":"<div id=\"main\">\r\n\t\t<br \/>\r\n\t\t\t\t<div style=\"width: 100%; height: 50px;\">\r\n\t\t\t\t\t<div style=\"float: left; padding-right: 15px;\">\r\n\t\t\t\t\t\t<form method=\"get\" action=\"https:\/\/1-10-courses.fr\/index.php\/wp-json\/wp\/v2\/pages\/18\"><input type=\"hidden\" name=\"date\" value=\"16_04_2026\"><input type=\"submit\" class=\"btn btn-info\" value=\"Hier\" \/><\/form>\r\n\t\t\t\t\t<\/div>\r\n\t\t\t\t\t<div style=\"float: left; padding-right: 15px;\">\r\n\t\t\t\t\t\t<form method=\"get\" action=\"https:\/\/1-10-courses.fr\/index.php\/wp-json\/wp\/v2\/pages\/18\"><input type=\"hidden\" name=\"date\" value=\"17_04_2026\"><input type=\"submit\" class=\"btn btn-info\" value=\"Aujourd'hui\" \/><\/form>\r\n\t\t\t\t\t<\/div>\r\n\t\t\t\t\t<div style=\"float: left; padding-right: 15px;\">\r\n\t\t\t\t\t\t<form method=\"get\" action=\"https:\/\/1-10-courses.fr\/index.php\/wp-json\/wp\/v2\/pages\/18\"><input type=\"hidden\" name=\"date\" value=\"18_04_2026\"><input type=\"submit\" class=\"btn btn-info\" value=\"Demain\" \/><\/form>\r\n\t\t\t\t\t<\/div>\r\n\t\t\t\t<\/div>\r\n\t\t\t\t<br \/>\r\n\t\t\t\t\r\n\t\t\t\t<div style=\"width: 100%; height: 60px; padding-bottom: 10px; padding-top: 10px;\">\r\n\t\t\t\t\t<div class=\"dateSelect\" style=\"float: left; margin-right: 10px;\">\r\n\t\t\t\t\t\t<a href=\"?date=16_04_2026\"><i class=\"fas fa-chevron-circle-left\"><\/i><\/span><\/a>\r\n\t\t\t\t\t<\/div>\r\n\t\t\t\t\t<div class=\"dateString\" style=\"float: left; margin-right: 10px;\">\r\n\t\t\t\t\t\t<script>\r\n\t  jQuery(function() {\r\n\t\tfunction tomorrow() {\r\n\t\t\tvar result = new Date();\r\n\t\t\tresult.setDate(result.getDate() + 1);\r\n\t\t\treturn result;\r\n\t\t}\r\n\t\tjQuery( \"#datepicker\" ).datepicker({\r\n\t\t\taltField: \"#datepicker\",\r\n\t\t\tcloseText: 'Fermer',\r\n\t\t\tprevText: 'Pr\u00e9c\u00e9dent',\r\n\t\t\tnextText: 'Suivant',\r\n\t\t\tcurrentText: 'Aujourd\\'hui',\r\n\t\t\tmonthNames: ['Janvier', 'F\u00e9vrier', 'Mars', 'Avril', 'Mai', 'Juin', 'Juillet', 'Ao\u00fbt', 'Septembre', 'Octobre', 'Novembre', 'D\u00e9cembre'],\r\n\t\t\tmonthNamesShort: ['Janv.', 'F\u00e9vr.', 'Mars', 'Avril', 'Mai', 'Juin', 'Juil.', 'Ao\u00fbt', 'Sept.', 'Oct.', 'Nov.', 'D\u00e9c.'],\r\n\t\t\tdayNames: ['Dimanche', 'Lundi', 'Mardi', 'Mercredi', 'Jeudi', 'Vendredi', 'Samedi'],\r\n\t\t\tdayNamesShort: ['Dim.', 'Lun.', 'Mar.', 'Mer.', 'Jeu.', 'Ven.', 'Sam.'],\r\n\t\t\tdayNamesMin: ['D', 'L', 'M', 'M', 'J', 'V', 'S'],\r\n\t\t\tweekHeader: 'Sem.',\r\n\t\t\tdateFormat: 'dd_mm_yy',\r\n\t\t\tonSelect: function(dateText) {\r\n\t\t\t\twindow.location.href = \"?date=\"+dateText;\r\n\t\t\t},\r\n\t\t\tmaxDate: tomorrow(), minDate: new Date(2015, 10, 24)\r\n\t\t\t});\r\n\t  });\r\n\t<\/script>\r\n\t\t\t\t\t\t<input type=\"text\" name=\"date\" id=\"datepicker\" value=\"17 Avril 2026\"\/>\r\n\t\t\t\t\t<\/div>\r\n\t\t\t\t\t<div class=\"dateSelect\" style=\"float: left; margin-right: 10px;\">\r\n\t\t\t\t\t\t<a href=\"?date=18_04_2026\"><i class=\"fas fa-chevron-circle-right\"><\/i><\/span><\/a>\r\n\t\t\t\t\t<\/div>\r\n\t\t\t\t<\/div>\r\n<div class=\"reunions\">\r\n\t<a class=\"selected\" href=\"?date=17_04_2026&reunion=1&course=1\"><b>R1<\/b><\/a> <a  href=\"?date=17_04_2026&reunion=2&course=1\">R2<\/a> <a  href=\"?date=17_04_2026&reunion=3&course=1\">R3<\/a> <a  href=\"?date=17_04_2026&reunion=4&course=1\">R4<\/a> <a  href=\"?date=17_04_2026&reunion=5&course=1\">R5<\/a> <a  href=\"?date=17_04_2026&reunion=6&course=1\">R6<\/a> <a  href=\"?date=17_04_2026&reunion=7&course=1\">R7<\/a> <\/div>\r\n<div class=\"courses\">\r\n\t<a class=\"selected\" href=\"?date=17_04_2026&reunion=1&course=1\"><b>C1<\/b><\/a> <a  href=\"?date=17_04_2026&reunion=1&course=2\">C2<\/a> <a  href=\"?date=17_04_2026&reunion=1&course=3\">C3<\/a> <a  href=\"?date=17_04_2026&reunion=1&course=4\">C4<\/a> <a  href=\"?date=17_04_2026&reunion=1&course=5\">C5<\/a> <a  href=\"?date=17_04_2026&reunion=1&course=6\">C6<\/a> <a  href=\"?date=17_04_2026&reunion=1&course=7\">C7<\/a> <a  href=\"?date=17_04_2026&reunion=1&course=8\">C8<\/a> <\/div>\r\n<br \/>\r\n\t\r\n\t<!--breadcrumb-->\r\n\r\n\t\t<div style=\"width: 100%\">\r\n\t\t\t<h1 class=\"headline\">17\/04\/2026 - R1C1 - PRIX ASTEROPE - VINCENNES<\/h1>\r\n\t\t<\/div>\r\n\t\t<div style=\"width: 100%\">\r\n\t\t\t<div style=\"float: left\"><\/div>\r\n\t\t\t<div style=\"float: right;\"> \r\n\t\t\t\t\t\t<\/div>\r\n\t\t<\/div>\r\n\t\t<div>\r\n\t\t<br \/>\r\n\t\t\t\t<b>Date : 17\/04\/2026<\/b><br \/><br \/>\r\n\t\t\t\t<i>D\u00e9tail : PRIX ASTEROPE Course  2 Course E Course Europ\u00e9enne 52.000. - Attel\u00e9. - 2.700 m\u00e8tres (G. P.) 23.400, 13.000, 7.280, 4.160, 2.600, 1.040, 520. Pour 8, 9 et 10 ans, n'ayant pas gagn\u00e9 170.000. Sont seuls admis \u00e0 participer \u00e0 cette \u00e9preuve les chevaux n'ayant pas, dans es 12 mois pr\u00e9c\u00e9dant la course, \u00e9t\u00e9 class\u00e9s, au trot attel\u00e9, 1er, 2\u00e8me ou 3\u00e8me d'une \u00e9preuve de Groupe I ou 1er d'une \u00e9preuve de Groupe II.<\/i><br \/><br \/>\r\n    <b>Les arriv\u00e9es et rapports d\u00e9finitifs ne sont pas encore connus pour cette course.<\/b><br \/><br \/>\r\n    <script>\r\njQuery(document).ready(function() {\r\n\tjQuery.extend( jQuery.fn.dataTableExt.oSort, {\t\r\n\t\t\"cheval-order-pre\": function (a) {\r\n\t\t\tnumbers_match = a.match(\/\\d+\/g);\r\n\t\t\tif (numbers_match != null) {\r\n\t\t\t\tnumbers = numbers_match.map(Number);\r\n\t\t\t\tif (numbers.length > 0)\r\n\t\t\t\t\treturn numbers[0];\r\n\t\t\t}\r\n\t\t\treturn 99;\r\n\t\t},\r\n\t \r\n\t\r\n\t\t\"cheval-order-asc\": function ( a, b ) {\r\n\t\t\treturn a < b;\r\n\t\t},\r\n\t \r\n\t\t\"cheval-order-desc\": function ( a, b ) {\r\n\t\t\treturn a > b;\r\n\t\t}\r\n\t} );\r\n    jQuery('#rapports_partants').DataTable( {\r\n\t\tresponsive: true,\r\n        \"language\": {\r\n            \"url\": \"\/\/cdn.datatables.net\/plug-ins\/9dcbecd42ad\/i18n\/French.json\"\r\n        },\r\n\t\t\t\t \"lengthChange\":\tfalse,\r\n\t\t \"searching\": \t\tfalse,\r\n\t\t \"info\":\t\t\tfalse,\r\n\t\t \"paging\":\t\t\tfalse\r\n    } );\r\n} );\r\n<\/script>\r\n\t\t\t<h2 class=\"headline\">Partants<\/h2>\r\n\t\t    <table id=\"rapports_partants\" class=\"table table-striped table-bordered\" cellspacing=\"0\" width=\"100%\">\r\n        <thead>\r\n        <tr>\r\n            \t\t\t\t                <th>Num<\/th>\r\n                <th>Nom<\/th>\r\n                <th>Driver<\/th>\r\n                <th>Musique<\/th>\r\n                        <\/tr>\r\n        <\/thead>\r\n\r\n        <tbody>\r\n        <tr><td><b>1<\/b><\/td><td><b><span class=\"partantsClick\" data-cid=\"248295\">Odana Vrijthout<\/span><\/b><\/td><td>P.ph. Ploquin<\/td><td><span class=\"partantsClick\" data-cid=\"248295\">7a8a4aDa5a(25)6a<\/span><\/td><\/tr><tr><td><b>2<\/b><\/td><td><b><span class=\"partantsClick\" data-cid=\"238052\">Hanack De Vivoin<\/span><\/b><\/td><td>D. Bonne<\/td><td><span class=\"partantsClick\" data-cid=\"238052\">9a(25)DaDa3a7a8a8a0a8a<\/span><\/td><\/tr><tr><td><b>3<\/b><\/td><td><b><span class=\"partantsClick\" data-cid=\"257617\">Idao Nay<\/span><\/b><\/td><td>E. Raffin<\/td><td><span class=\"partantsClick\" data-cid=\"257617\">1a3a2a0a(25)Da6m0a3a3a<\/span><\/td><\/tr><tr><td><b>4<\/b><\/td><td><b><span class=\"partantsClick\" data-cid=\"239401\">Ixel De L'aumoy<\/span><\/b><\/td><td>F. Lagadeuc<\/td><td><span class=\"partantsClick\" data-cid=\"239401\">0aDa5a3a(25)7m6a4aDa5a<\/span><\/td><\/tr><tr><td><b>5<\/b><\/td><td><b><span class=\"partantsClick\" data-cid=\"216319\">Red Hot Roadster<\/span><\/b><\/td><td>M. Mottier<\/td><td><span class=\"partantsClick\" data-cid=\"216319\">4a8a3a1a2a0a<\/span><\/td><\/tr><tr><td><b>6<\/b><\/td><td><b><span class=\"partantsClick\" data-cid=\"217397\">Rossi Garline<\/span><\/b><\/td><td>F. Guerineau<\/td><td><span class=\"partantsClick\" data-cid=\"217397\">4a5a9aDa(25)7a7a4a5a3a<\/span><\/td><\/tr><tr><td><b>7<\/b><\/td><td><b><span class=\"partantsClick\" data-cid=\"267411\">Iroise De Madker<\/span><\/b><\/td><td>Y. Lebourgeois<\/td><td><span class=\"partantsClick\" data-cid=\"267411\">0a0a(25)1aDa4a4a1a5a2a<\/span><\/td><\/tr><tr><td><b>8<\/b><\/td><td><b><span class=\"partantsClick\" data-cid=\"256123\">Isolee Du Bouillon<\/span><\/b><\/td><td>M. Legros<\/td><td><span class=\"partantsClick\" data-cid=\"256123\">0a9a8a(25)7a8a6a1aDa1a<\/span><\/td><\/tr><tr><td><b>9<\/b><\/td><td><b><span class=\"partantsClick\" data-cid=\"256730\">Inedit Du Pavillon<\/span><\/b><\/td><td>M. Abrivard<\/td><td><span class=\"partantsClick\" data-cid=\"256730\">4a3aDa3a(25)3a0a7a6a5a<\/span><\/td><\/tr><tr><td><b>10<\/b><\/td><td><b><span class=\"partantsClick\" data-cid=\"262977\">Install D'alouette<\/span><\/b><\/td><td>G. Gelormini<\/td><td><span class=\"partantsClick\" data-cid=\"262977\">8a0a(25)0a4a2a5a(24)5a4a<\/span><\/td><\/tr><tr><td><b>11<\/b><\/td><td><b><span class=\"partantsClick\" data-cid=\"297018\">Silver Bullit(swe)<\/span><\/b><\/td><td>Ch. Martens<\/td><td><span class=\"partantsClick\" data-cid=\"297018\">8a7a6a3a(25)6m3a<\/span><\/td><\/tr><tr><td><b>12<\/b><\/td><td><b><span class=\"partantsClick\" data-cid=\"211731\">Horace D'arthenay<\/span><\/b><\/td><td>P.y. Verva<\/td><td><span class=\"partantsClick\" data-cid=\"211731\">6a8a6a(25)3a5a0a2a9a0a<\/span><\/td><\/tr><tr><td><b>13<\/b><\/td><td><b><span class=\"partantsClick\" data-cid=\"178021\">General D'amour<\/span><\/b><\/td><td>F. Ouvrie<\/td><td><span class=\"partantsClick\" data-cid=\"178021\">2a1a2a0a0a0a(25)0a5a0a<\/span><\/td><\/tr><tr><td><b>14<\/b><\/td><td><b><span class=\"partantsClick\" data-cid=\"260419\">Adamo Dipa<\/span><\/b><\/td><td>A. Abrivard<\/td><td><span class=\"partantsClick\" data-cid=\"260419\">4a(25)0a4a5a6a6a4a1a3a<\/span><\/td><\/tr><tr><td><b>15<\/b><\/td><td><b><span class=\"partantsClick\" data-cid=\"248641\">Sangria Pellini<\/span><\/b><\/td><td>B. Rochard<\/td><td><span class=\"partantsClick\" data-cid=\"248641\">(25)2a0a2aDa4a4a<\/span><\/td><\/tr><tr><td><b>16<\/b><\/td><td><b><span class=\"partantsClick\" data-cid=\"261611\">Icare Dungy<\/span><\/b><\/td><td>F. Nivard<\/td><td><span class=\"partantsClick\" data-cid=\"261611\">2a1a2a3a(25)1a3a1a2a1a<\/span><\/td><\/tr>        <\/tbody>\r\n\r\n    <\/table>\r\n\r\n        <ul class=\"paginate pag3 clearfix\" style=\"left: 0%\">\t\t\t<div class=\"rapports\">\r\n\t\t\t\t<\/div>\t\r\n\t<\/div>\r\n<\/div>\n<p>Les rapports des courses PMU sont indiqu\u00e9s \u00e0 titre indicatif, il convient de v\u00e9rifier sur le site officiel du PMU. Nous avons d\u00e9cid\u00e9 de n&#8217;indiquer que les rapports de l&#8217;op\u00e9rateur historique en France, il existe d&#8217;autres op\u00e9rateurs de prises de paris, si vous jouez chez eux il vous suffit de consulter vos rapports. <strong>L&#8217;important \u00e9tant d&#8217;avoir le bon pronostic pour gagner.<\/strong><\/p>\n","protected":false},"excerpt":{"rendered":"<p>Les rapports des courses PMU sont indiqu\u00e9s \u00e0 titre indicatif, il convient de v\u00e9rifier sur le site officiel du PMU. Nous avons d\u00e9cid\u00e9 de n&#8217;indiquer que les rapports de l&#8217;op\u00e9rateur historique en France, il existe d&#8217;autres op\u00e9rateurs de prises de paris, si vous jouez chez eux il vous suffit de consulter vos rapports. L&#8217;important \u00e9tant [&hellip;]<\/p>\n","protected":false},"author":1,"featured_media":0,"parent":0,"menu_order":0,"comment_status":"open","ping_status":"open","template":"","meta":[],"acf":[],"yoast_head":"<!-- This site is optimized with the Yoast SEO plugin v19.6.1 - https:\/\/yoast.com\/wordpress\/plugins\/seo\/ -->\n<title>Arriv\u00e9es et rapports - 1-10 Courses<\/title>\n<meta name=\"robots\" content=\"index, follow, max-snippet:-1, max-image-preview:large, max-video-preview:-1\" \/>\n<link rel=\"canonical\" href=\"https:\/\/1-10-courses.fr\/index.php\/arrivees-et-rapports\/\" \/>\n<meta property=\"og:locale\" content=\"fr_FR\" \/>\n<meta property=\"og:type\" content=\"article\" \/>\n<meta property=\"og:title\" content=\"Arriv\u00e9es et rapports - 1-10 Courses\" \/>\n<meta property=\"og:description\" content=\"Les rapports des courses PMU sont indiqu\u00e9s \u00e0 titre indicatif, il convient de v\u00e9rifier sur le site officiel du PMU. Nous avons d\u00e9cid\u00e9 de n&#8217;indiquer que les rapports de l&#8217;op\u00e9rateur historique en France, il existe d&#8217;autres op\u00e9rateurs de prises de paris, si vous jouez chez eux il vous suffit de consulter vos rapports. L&#8217;important \u00e9tant [&hellip;]\" \/>\n<meta property=\"og:url\" content=\"https:\/\/1-10-courses.fr\/index.php\/arrivees-et-rapports\/\" \/>\n<meta property=\"og:site_name\" content=\"1-10 Courses\" \/>\n<meta property=\"article:modified_time\" content=\"2023-04-16T15:08:15+00:00\" \/>\n<meta name=\"twitter:card\" content=\"summary_large_image\" \/>\n<meta name=\"twitter:label1\" content=\"Dur\u00e9e de lecture estim\u00e9e\" \/>\n\t<meta name=\"twitter:data1\" content=\"1 minute\" \/>\n<script type=\"application\/ld+json\" class=\"yoast-schema-graph\">{\"@context\":\"https:\/\/schema.org\",\"@graph\":[{\"@type\":\"WebPage\",\"@id\":\"https:\/\/1-10-courses.fr\/index.php\/arrivees-et-rapports\/\",\"url\":\"https:\/\/1-10-courses.fr\/index.php\/arrivees-et-rapports\/\",\"name\":\"Arriv\u00e9es et rapports - 1-10 Courses\",\"isPartOf\":{\"@id\":\"https:\/\/1-10-courses.fr\/#website\"},\"datePublished\":\"2015-08-15T14:10:29+00:00\",\"dateModified\":\"2023-04-16T15:08:15+00:00\",\"breadcrumb\":{\"@id\":\"https:\/\/1-10-courses.fr\/index.php\/arrivees-et-rapports\/#breadcrumb\"},\"inLanguage\":\"fr-FR\",\"potentialAction\":[{\"@type\":\"ReadAction\",\"target\":[\"https:\/\/1-10-courses.fr\/index.php\/arrivees-et-rapports\/\"]}]},{\"@type\":\"BreadcrumbList\",\"@id\":\"https:\/\/1-10-courses.fr\/index.php\/arrivees-et-rapports\/#breadcrumb\",\"itemListElement\":[{\"@type\":\"ListItem\",\"position\":1,\"name\":\"Accueil\",\"item\":\"https:\/\/1-10-courses.fr\/\"},{\"@type\":\"ListItem\",\"position\":2,\"name\":\"Arriv\u00e9es et rapports\"}]},{\"@type\":\"WebSite\",\"@id\":\"https:\/\/1-10-courses.fr\/#website\",\"url\":\"https:\/\/1-10-courses.fr\/\",\"name\":\"1-10 Courses\",\"description\":\"\",\"potentialAction\":[{\"@type\":\"SearchAction\",\"target\":{\"@type\":\"EntryPoint\",\"urlTemplate\":\"https:\/\/1-10-courses.fr\/?s={search_term_string}\"},\"query-input\":\"required name=search_term_string\"}],\"inLanguage\":\"fr-FR\"}]}<\/script>\n<!-- \/ Yoast SEO plugin. -->","yoast_head_json":{"title":"Arriv\u00e9es et rapports - 1-10 Courses","robots":{"index":"index","follow":"follow","max-snippet":"max-snippet:-1","max-image-preview":"max-image-preview:large","max-video-preview":"max-video-preview:-1"},"canonical":"https:\/\/1-10-courses.fr\/index.php\/arrivees-et-rapports\/","og_locale":"fr_FR","og_type":"article","og_title":"Arriv\u00e9es et rapports - 1-10 Courses","og_description":"Les rapports des courses PMU sont indiqu\u00e9s \u00e0 titre indicatif, il convient de v\u00e9rifier sur le site officiel du PMU. Nous avons d\u00e9cid\u00e9 de n&#8217;indiquer que les rapports de l&#8217;op\u00e9rateur historique en France, il existe d&#8217;autres op\u00e9rateurs de prises de paris, si vous jouez chez eux il vous suffit de consulter vos rapports. L&#8217;important \u00e9tant [&hellip;]","og_url":"https:\/\/1-10-courses.fr\/index.php\/arrivees-et-rapports\/","og_site_name":"1-10 Courses","article_modified_time":"2023-04-16T15:08:15+00:00","twitter_card":"summary_large_image","twitter_misc":{"Dur\u00e9e de lecture estim\u00e9e":"1 minute"},"schema":{"@context":"https:\/\/schema.org","@graph":[{"@type":"WebPage","@id":"https:\/\/1-10-courses.fr\/index.php\/arrivees-et-rapports\/","url":"https:\/\/1-10-courses.fr\/index.php\/arrivees-et-rapports\/","name":"Arriv\u00e9es et rapports - 1-10 Courses","isPartOf":{"@id":"https:\/\/1-10-courses.fr\/#website"},"datePublished":"2015-08-15T14:10:29+00:00","dateModified":"2023-04-16T15:08:15+00:00","breadcrumb":{"@id":"https:\/\/1-10-courses.fr\/index.php\/arrivees-et-rapports\/#breadcrumb"},"inLanguage":"fr-FR","potentialAction":[{"@type":"ReadAction","target":["https:\/\/1-10-courses.fr\/index.php\/arrivees-et-rapports\/"]}]},{"@type":"BreadcrumbList","@id":"https:\/\/1-10-courses.fr\/index.php\/arrivees-et-rapports\/#breadcrumb","itemListElement":[{"@type":"ListItem","position":1,"name":"Accueil","item":"https:\/\/1-10-courses.fr\/"},{"@type":"ListItem","position":2,"name":"Arriv\u00e9es et rapports"}]},{"@type":"WebSite","@id":"https:\/\/1-10-courses.fr\/#website","url":"https:\/\/1-10-courses.fr\/","name":"1-10 Courses","description":"","potentialAction":[{"@type":"SearchAction","target":{"@type":"EntryPoint","urlTemplate":"https:\/\/1-10-courses.fr\/?s={search_term_string}"},"query-input":"required name=search_term_string"}],"inLanguage":"fr-FR"}]}},"post_mailing_queue_ids":[],"_links":{"self":[{"href":"https:\/\/1-10-courses.fr\/index.php\/wp-json\/wp\/v2\/pages\/18"}],"collection":[{"href":"https:\/\/1-10-courses.fr\/index.php\/wp-json\/wp\/v2\/pages"}],"about":[{"href":"https:\/\/1-10-courses.fr\/index.php\/wp-json\/wp\/v2\/types\/page"}],"author":[{"embeddable":true,"href":"https:\/\/1-10-courses.fr\/index.php\/wp-json\/wp\/v2\/users\/1"}],"replies":[{"embeddable":true,"href":"https:\/\/1-10-courses.fr\/index.php\/wp-json\/wp\/v2\/comments?post=18"}],"version-history":[{"count":13,"href":"https:\/\/1-10-courses.fr\/index.php\/wp-json\/wp\/v2\/pages\/18\/revisions"}],"predecessor-version":[{"id":44351,"href":"https:\/\/1-10-courses.fr\/index.php\/wp-json\/wp\/v2\/pages\/18\/revisions\/44351"}],"wp:attachment":[{"href":"https:\/\/1-10-courses.fr\/index.php\/wp-json\/wp\/v2\/media?parent=18"}],"curies":[{"name":"wp","href":"https:\/\/api.w.org\/{rel}","templated":true}]}}