{"id":43413,"date":"2019-03-28T11:41:23","date_gmt":"2019-03-28T10:41:23","guid":{"rendered":"https:\/\/1-10-courses.fr\/?page_id=43413"},"modified":"2023-05-03T15:05:44","modified_gmt":"2023-05-03T15:05:44","slug":"pronostic-quinte-gratuit","status":"publish","type":"page","link":"https:\/\/1-10-courses.fr\/index.php\/pronostic-quinte-gratuit\/","title":{"rendered":"Pronostic Quint\u00e9 Gratuit"},"content":{"rendered":"\r\n<p>Nous ne pr\u00e9tendons pas vous proposer le meilleur pronostic quint\u00e9 gratuit, toutefois \u00e0 la vue des r\u00e9sultats il serait tr\u00e8s imprudent de ne pas le consulter (et en plus c&#8217;est gratuit).<\/p>\r\n<p><strong>La raison ?<\/strong> Dans nos 8 premiers chevaux vous avez tr\u00e8s souvent un ou plusieurs chevaux \u00e0 belle c\u00f4te que votre pronostiqueur habituel n&#8217;\u00e0 pas rep\u00e9r\u00e9s.\u00a0\u00a0<\/p>\r\n\n<div class=\"um-locked-content\">\n\n\t<div class=\"um-locked-content-msg\">Ce contenu a \u00e9t\u00e9 restreint aux comptes connect\u00e9s uniquement. Veuillez <a href=\"https:\/\/1-10-courses.fr\/index.php\/connexion\/?redirect_to=https%3A%2F%2F1-10-courses.fr%2Findex.php%2Fwp-json%2Fwp%2Fv2%2Fpages%2F43413\">vous connecter<\/a> pour voir ce contenu.<\/div>\n\n<\/div>\n<br \/><\/p>","protected":false},"excerpt":{"rendered":"","protected":false},"author":38,"featured_media":0,"parent":0,"menu_order":0,"comment_status":"closed","ping_status":"closed","template":"","meta":[],"acf":[],"yoast_head":"<!-- This site is optimized with the Yoast SEO plugin v19.6.1 - https:\/\/yoast.com\/wordpress\/plugins\/seo\/ -->\n<title>Pronostic Quint\u00e9 Gratuit pour gagner au PMU<\/title>\n<meta name=\"description\" content=\"Pronostic Quint\u00e9 Gratuit pour gagner au PMU. Prono 100% gratuit mais d&#039;une efficacit\u00e9 redoutable avec les grosses c\u00f4tes d\u00e9tect\u00e9es.\" \/>\n<meta name=\"robots\" content=\"index, follow, max-snippet:-1, max-image-preview:large, max-video-preview:-1\" \/>\n<link rel=\"canonical\" href=\"https:\/\/1-10-courses.fr\/index.php\/pronostic-quinte-gratuit\/\" \/>\n<meta property=\"og:locale\" content=\"fr_FR\" \/>\n<meta property=\"og:type\" content=\"article\" \/>\n<meta property=\"og:title\" content=\"Pronostic Quint\u00e9 Gratuit pour gagner au PMU\" \/>\n<meta property=\"og:description\" content=\"Pronostic Quint\u00e9 Gratuit pour gagner au PMU. Prono 100% gratuit mais d&#039;une efficacit\u00e9 redoutable avec les grosses c\u00f4tes d\u00e9tect\u00e9es.\" \/>\n<meta property=\"og:url\" content=\"https:\/\/1-10-courses.fr\/index.php\/pronostic-quinte-gratuit\/\" \/>\n<meta property=\"og:site_name\" content=\"1-10 Courses\" \/>\n<meta property=\"article:modified_time\" content=\"2023-05-03T15:05:44+00:00\" \/>\n<meta name=\"twitter:card\" content=\"summary_large_image\" \/>\n<meta name=\"twitter:label1\" content=\"Dur\u00e9e de lecture estim\u00e9e\" \/>\n\t<meta name=\"twitter:data1\" content=\"2 minutes\" \/>\n<script type=\"application\/ld+json\" class=\"yoast-schema-graph\">{\"@context\":\"https:\/\/schema.org\",\"@graph\":[{\"@type\":\"WebPage\",\"@id\":\"https:\/\/1-10-courses.fr\/index.php\/pronostic-quinte-gratuit\/\",\"url\":\"https:\/\/1-10-courses.fr\/index.php\/pronostic-quinte-gratuit\/\",\"name\":\"Pronostic Quint\u00e9 Gratuit pour gagner au PMU\",\"isPartOf\":{\"@id\":\"https:\/\/1-10-courses.fr\/#website\"},\"datePublished\":\"2019-03-28T10:41:23+00:00\",\"dateModified\":\"2023-05-03T15:05:44+00:00\",\"description\":\"Pronostic Quint\u00e9 Gratuit pour gagner au PMU. Prono 100% gratuit mais d'une efficacit\u00e9 redoutable avec les grosses c\u00f4tes d\u00e9tect\u00e9es.\",\"breadcrumb\":{\"@id\":\"https:\/\/1-10-courses.fr\/index.php\/pronostic-quinte-gratuit\/#breadcrumb\"},\"inLanguage\":\"fr-FR\",\"potentialAction\":[{\"@type\":\"ReadAction\",\"target\":[\"https:\/\/1-10-courses.fr\/index.php\/pronostic-quinte-gratuit\/\"]}]},{\"@type\":\"BreadcrumbList\",\"@id\":\"https:\/\/1-10-courses.fr\/index.php\/pronostic-quinte-gratuit\/#breadcrumb\",\"itemListElement\":[{\"@type\":\"ListItem\",\"position\":1,\"name\":\"Accueil\",\"item\":\"https:\/\/1-10-courses.fr\/\"},{\"@type\":\"ListItem\",\"position\":2,\"name\":\"Pronostic Quint\u00e9 Gratuit\"}]},{\"@type\":\"WebSite\",\"@id\":\"https:\/\/1-10-courses.fr\/#website\",\"url\":\"https:\/\/1-10-courses.fr\/\",\"name\":\"1-10 Courses\",\"description\":\"\",\"potentialAction\":[{\"@type\":\"SearchAction\",\"target\":{\"@type\":\"EntryPoint\",\"urlTemplate\":\"https:\/\/1-10-courses.fr\/?s={search_term_string}\"},\"query-input\":\"required name=search_term_string\"}],\"inLanguage\":\"fr-FR\"}]}<\/script>\n<!-- \/ Yoast SEO plugin. -->","yoast_head_json":{"title":"Pronostic Quint\u00e9 Gratuit pour gagner au PMU","description":"Pronostic Quint\u00e9 Gratuit pour gagner au PMU. Prono 100% gratuit mais d'une efficacit\u00e9 redoutable avec les grosses c\u00f4tes d\u00e9tect\u00e9es.","robots":{"index":"index","follow":"follow","max-snippet":"max-snippet:-1","max-image-preview":"max-image-preview:large","max-video-preview":"max-video-preview:-1"},"canonical":"https:\/\/1-10-courses.fr\/index.php\/pronostic-quinte-gratuit\/","og_locale":"fr_FR","og_type":"article","og_title":"Pronostic Quint\u00e9 Gratuit pour gagner au PMU","og_description":"Pronostic Quint\u00e9 Gratuit pour gagner au PMU. Prono 100% gratuit mais d'une efficacit\u00e9 redoutable avec les grosses c\u00f4tes d\u00e9tect\u00e9es.","og_url":"https:\/\/1-10-courses.fr\/index.php\/pronostic-quinte-gratuit\/","og_site_name":"1-10 Courses","article_modified_time":"2023-05-03T15:05:44+00:00","twitter_card":"summary_large_image","twitter_misc":{"Dur\u00e9e de lecture estim\u00e9e":"2 minutes"},"schema":{"@context":"https:\/\/schema.org","@graph":[{"@type":"WebPage","@id":"https:\/\/1-10-courses.fr\/index.php\/pronostic-quinte-gratuit\/","url":"https:\/\/1-10-courses.fr\/index.php\/pronostic-quinte-gratuit\/","name":"Pronostic Quint\u00e9 Gratuit pour gagner au PMU","isPartOf":{"@id":"https:\/\/1-10-courses.fr\/#website"},"datePublished":"2019-03-28T10:41:23+00:00","dateModified":"2023-05-03T15:05:44+00:00","description":"Pronostic Quint\u00e9 Gratuit pour gagner au PMU. Prono 100% gratuit mais d'une efficacit\u00e9 redoutable avec les grosses c\u00f4tes d\u00e9tect\u00e9es.","breadcrumb":{"@id":"https:\/\/1-10-courses.fr\/index.php\/pronostic-quinte-gratuit\/#breadcrumb"},"inLanguage":"fr-FR","potentialAction":[{"@type":"ReadAction","target":["https:\/\/1-10-courses.fr\/index.php\/pronostic-quinte-gratuit\/"]}]},{"@type":"BreadcrumbList","@id":"https:\/\/1-10-courses.fr\/index.php\/pronostic-quinte-gratuit\/#breadcrumb","itemListElement":[{"@type":"ListItem","position":1,"name":"Accueil","item":"https:\/\/1-10-courses.fr\/"},{"@type":"ListItem","position":2,"name":"Pronostic Quint\u00e9 Gratuit"}]},{"@type":"WebSite","@id":"https:\/\/1-10-courses.fr\/#website","url":"https:\/\/1-10-courses.fr\/","name":"1-10 Courses","description":"","potentialAction":[{"@type":"SearchAction","target":{"@type":"EntryPoint","urlTemplate":"https:\/\/1-10-courses.fr\/?s={search_term_string}"},"query-input":"required name=search_term_string"}],"inLanguage":"fr-FR"}]}},"post_mailing_queue_ids":[],"_links":{"self":[{"href":"https:\/\/1-10-courses.fr\/index.php\/wp-json\/wp\/v2\/pages\/43413"}],"collection":[{"href":"https:\/\/1-10-courses.fr\/index.php\/wp-json\/wp\/v2\/pages"}],"about":[{"href":"https:\/\/1-10-courses.fr\/index.php\/wp-json\/wp\/v2\/types\/page"}],"author":[{"embeddable":true,"href":"https:\/\/1-10-courses.fr\/index.php\/wp-json\/wp\/v2\/users\/38"}],"replies":[{"embeddable":true,"href":"https:\/\/1-10-courses.fr\/index.php\/wp-json\/wp\/v2\/comments?post=43413"}],"version-history":[{"count":21,"href":"https:\/\/1-10-courses.fr\/index.php\/wp-json\/wp\/v2\/pages\/43413\/revisions"}],"predecessor-version":[{"id":44439,"href":"https:\/\/1-10-courses.fr\/index.php\/wp-json\/wp\/v2\/pages\/43413\/revisions\/44439"}],"wp:attachment":[{"href":"https:\/\/1-10-courses.fr\/index.php\/wp-json\/wp\/v2\/media?parent=43413"}],"curies":[{"name":"wp","href":"https:\/\/api.w.org\/{rel}","templated":true}]}}